{"id":103,"date":"2023-04-24T13:15:43","date_gmt":"2023-04-24T11:15:43","guid":{"rendered":"https:\/\/www.dcerma.cz\/?page_id=103"},"modified":"2025-01-26T19:05:20","modified_gmt":"2025-01-26T18:05:20","slug":"cenik","status":"publish","type":"page","link":"https:\/\/www.dcerma.cz\/?page_id=103","title":{"rendered":"Cen\u00edk"},"content":{"rendered":"<p>[et_pb_section fb_built=&#8220;1&#8243; admin_label=&#8220;Info&#8220; _builder_version=&#8220;4.16&#8243; _module_preset=&#8220;default&#8220; custom_padding=&#8220;||8px|||&#8220; locked=&#8220;off&#8220; global_colors_info=&#8220;{}&#8220;][et_pb_row column_structure=&#8220;2_5,3_5&#8243; _builder_version=&#8220;4.16&#8243; _module_preset=&#8220;default&#8220; global_colors_info=&#8220;{}&#8220;][et_pb_column type=&#8220;2_5&#8243; _builder_version=&#8220;4.16&#8243; _module_preset=&#8220;default&#8220; global_colors_info=&#8220;{}&#8220;][et_pb_image src=&#8220;https:\/\/www.dcerma.cz\/wp-content\/uploads\/2023\/04\/family-doctor-033.jpg&#8220; title_text=&#8220;family-doctor-033&#8243; _builder_version=&#8220;4.16&#8243; _module_preset=&#8220;default&#8220; animation_style=&#8220;flip&#8220; animation_direction=&#8220;top&#8220; animation_duration=&#8220;500ms&#8220; animation_intensity_flip=&#8220;10%&#8220; animation_intensity_flip_tablet=&#8220;0%&#8220; animation_intensity_flip_phone=&#8220;&#8220; animation_intensity_flip_last_edited=&#8220;on|tablet&#8220; border_radii=&#8220;off|60px||60px|&#8220; border_radii_tablet=&#8220;off|40px||40px|&#8220; border_radii_phone=&#8220;off|30px||30px|&#8220; border_radii_last_edited=&#8220;on|phone&#8220; box_shadow_horizontal_tablet=&#8220;20px&#8220; box_shadow_horizontal_phone=&#8220;10px&#8220; box_shadow_horizontal_last_edited=&#8220;on|phone&#8220; box_shadow_vertical_tablet=&#8220;20px&#8220; box_shadow_vertical_phone=&#8220;10px&#8220; box_shadow_vertical_last_edited=&#8220;on|phone&#8220; box_shadow_blur_tablet=&#8220;30px&#8220; box_shadow_blur_phone=&#8220;30px&#8220; box_shadow_blur_last_edited=&#8220;on|tablet&#8220; locked=&#8220;off&#8220; global_colors_info=&#8220;{}&#8220;][\/et_pb_image][\/et_pb_column][et_pb_column type=&#8220;3_5&#8243; _builder_version=&#8220;4.16&#8243; _module_preset=&#8220;default&#8220; global_colors_info=&#8220;{}&#8220;][et_pb_text _builder_version=&#8220;4.20.4&#8243; _module_preset=&#8220;default&#8220; header_font=&#8220;Poppins|600|||||||&#8220; header_text_align=&#8220;left&#8220; header_text_color=&#8220;#00778E&#8220; header_font_size=&#8220;60px&#8220; header_line_height=&#8220;1.2em&#8220; text_orientation=&#8220;center&#8220; header_font_size_tablet=&#8220;40px&#8220; header_font_size_phone=&#8220;30px&#8220; header_font_size_last_edited=&#8220;on|phone&#8220; locked=&#8220;off&#8220; global_colors_info=&#8220;{}&#8220;]<\/p>\n<h1>Cen\u00edk o\u0161et\u0159en\u00ed a slu\u017eeb <span style=\"color: #e26c75;\">nehrazen\u00fdch<\/span> zdravotn\u00ed poji\u0161\u0165ovnou<\/h1>\n<p>[\/et_pb_text][\/et_pb_column][\/et_pb_row][\/et_pb_section][et_pb_section fb_built=&#8220;1&#8243; admin_label=&#8220;How it Works&#8220; _builder_version=&#8220;4.16&#8243; _module_preset=&#8220;default&#8220; background_color=&#8220;#d9f8f3&#8243; width_tablet=&#8220;80%&#8220; width_phone=&#8220;&#8220; width_last_edited=&#8220;on|phone&#8220; max_width=&#8220;1080px&#8220; module_alignment=&#8220;center&#8220; custom_margin=&#8220;34px||34px||true|false&#8220; custom_margin_tablet=&#8220;||60px||false|false&#8220; custom_margin_phone=&#8220;&#8220; custom_margin_last_edited=&#8220;on|phone&#8220; border_radii=&#8220;on|10px|10px|10px|10px&#8220; locked=&#8220;off&#8220; global_colors_info=&#8220;{}&#8220;][et_pb_row _builder_version=&#8220;4.20.4&#8243; _module_preset=&#8220;default&#8220; global_colors_info=&#8220;{}&#8220;][et_pb_column type=&#8220;4_4&#8243; _builder_version=&#8220;4.20.4&#8243; _module_preset=&#8220;default&#8220; global_colors_info=&#8220;{}&#8220;][et_pb_text _builder_version=&#8220;4.27.4&#8243; _module_preset=&#8220;default&#8220; text_font=&#8220;Work Sans||||||||&#8220; text_font_size=&#8220;16px&#8220; text_line_height=&#8220;2.5em&#8220; hover_enabled=&#8220;0&#8243; global_colors_info=&#8220;{}&#8220; sticky_enabled=&#8220;0&#8243;]<\/p>\n<p>Zdravotn\u00ed prohl\u00eddka n\u00e1stupn\u00ed, profesn\u00ed\u00a0\u00a0\u00a0\u00a0\u00a0\u00a0\u00a0\u00a0\u00a0\u00a0\u00a0\u00a0\u00a0\u00a0\u00a0\u00a0\u00a0\u00a0\u00a0\u00a0\u00a0\u00a0\u00a0\u00a0\u00a0\u00a0\u00a0\u00a0\u00a0\u00a0\u00a0\u00a0\u00a0\u00a0\u00a0\u00a0\u00a0\u00a0\u00a0\u00a0\u00a0\u00a0\u00a0\u00a0\u00a0\u00a0\u00a0 1000,- K\u010d<\/p>\n<p>Zdravotn\u00ed vy\u0161et\u0159en\u00ed na \u0159idi\u010dsk\u00fd pr\u016fkaz\u00a0\u00a0\u00a0\u00a0\u00a0\u00a0\u00a0\u00a0\u00a0\u00a0\u00a0\u00a0\u00a0\u00a0\u00a0\u00a0\u00a0\u00a0\u00a0\u00a0\u00a0\u00a0\u00a0\u00a0\u00a0\u00a0\u00a0\u00a0\u00a0\u00a0\u00a0\u00a0\u00a0\u00a0\u00a0\u00a0\u00a0\u00a0\u00a0\u00a0\u00a0\u00a0\u00a0\u00a0\u00a0\u00a0\u00a0 1000,- K\u010d<\/p>\n<p>Prodlou\u017een\u00ed \u0159idi\u010dsk\u00e9ho pr\u016fkazu\u00a0\u00a0\u00a0\u00a0\u00a0\u00a0\u00a0\u00a0\u00a0\u00a0\u00a0\u00a0\u00a0\u00a0\u00a0\u00a0\u00a0\u00a0\u00a0\u00a0\u00a0\u00a0\u00a0\u00a0\u00a0\u00a0\u00a0\u00a0\u00a0\u00a0\u00a0\u00a0\u00a0\u00a0\u00a0\u00a0\u00a0\u00a0\u00a0\u00a0\u00a0\u00a0\u00a0\u00a0\u00a0\u00a0\u00a0\u00a0\u00a0\u00a0\u00a0\u00a0\u00a0\u00a0\u00a0\u00a0\u00a0\u00a0\u00a0 700,- K\u010d<\/p>\n<p>Vystaven\u00ed zdravotn\u00edho pr\u016fkazu\u00a0\u00a0\u00a0\u00a0\u00a0\u00a0\u00a0\u00a0\u00a0\u00a0\u00a0\u00a0\u00a0\u00a0\u00a0\u00a0\u00a0\u00a0\u00a0\u00a0\u00a0\u00a0\u00a0\u00a0\u00a0\u00a0\u00a0\u00a0\u00a0\u00a0\u00a0\u00a0\u00a0\u00a0\u00a0\u00a0\u00a0\u00a0\u00a0\u00a0\u00a0\u00a0\u00a0\u00a0\u00a0\u00a0\u00a0\u00a0\u00a0\u00a0\u00a0\u00a0\u00a0\u00a0\u00a0\u00a0\u00a0\u00a0\u00a0\u00a0\u00a0 250,- K\u010d<\/p>\n<p>Vystaven\u00ed zbrojn\u00edho pr\u016fkazu\u00a0\u00a0\u00a0\u00a0\u00a0\u00a0\u00a0\u00a0\u00a0\u00a0\u00a0\u00a0\u00a0\u00a0\u00a0\u00a0\u00a0\u00a0\u00a0\u00a0\u00a0\u00a0\u00a0\u00a0\u00a0\u00a0\u00a0\u00a0\u00a0\u00a0\u00a0\u00a0\u00a0\u00a0\u00a0\u00a0\u00a0\u00a0\u00a0\u00a0\u00a0\u00a0\u00a0\u00a0\u00a0\u00a0\u00a0\u00a0\u00a0\u00a0\u00a0\u00a0\u00a0\u00a0\u00a0\u00a0\u00a0\u00a0\u00a0\u00a0\u00a0\u00a0\u00a0 1200,- K\u010d<\/p>\n<p>Zdravotn\u00ed prohl\u00eddka pro prodlou\u017een\u00ed zbrojn\u00edho pr\u016fkazu \u00a0\u00a0\u00a0\u00a0\u00a0\u00a0\u00a0\u00a0\u00a0\u00a0\u00a0\u00a0\u00a0\u00a0\u00a0\u00a0\u00a0\u00a0\u00a0\u00a0\u00a0\u00a0 1000,- K\u010d<\/p>\n<p>V\u00fdpis pro um\u00edst\u011bn\u00ed do DPS, DD\u00a0\u00a0\u00a0\u00a0\u00a0\u00a0\u00a0\u00a0\u00a0\u00a0\u00a0\u00a0\u00a0\u00a0\u00a0\u00a0\u00a0\u00a0\u00a0\u00a0\u00a0\u00a0\u00a0\u00a0\u00a0\u00a0\u00a0\u00a0\u00a0\u00a0\u00a0\u00a0\u00a0\u00a0\u00a0\u00a0\u00a0\u00a0\u00a0\u00a0\u00a0\u00a0\u00a0\u00a0\u00a0\u00a0\u00a0\u00a0\u00a0\u00a0\u00a0\u00a0\u00a0\u00a0\u00a0\u00a0\u00a0\u00a0\u00a0\u00a0\u00a0 250,- K\u010d<\/p>\n<p>V\u00fdpis bolestn\u00e9ho\u00a0\u00a0\u00a0\u00a0\u00a0\u00a0\u00a0\u00a0\u00a0\u00a0\u00a0\u00a0\u00a0\u00a0\u00a0\u00a0\u00a0\u00a0\u00a0\u00a0\u00a0\u00a0\u00a0\u00a0\u00a0\u00a0\u00a0\u00a0\u00a0\u00a0\u00a0\u00a0\u00a0\u00a0\u00a0\u00a0\u00a0\u00a0\u00a0\u00a0\u00a0\u00a0\u00a0\u00a0\u00a0\u00a0\u00a0\u00a0\u00a0\u00a0\u00a0\u00a0\u00a0\u00a0\u00a0\u00a0\u00a0\u00a0\u00a0\u00a0\u00a0\u00a0\u00a0\u00a0\u00a0\u00a0\u00a0\u00a0\u00a0\u00a0 400 \u2013 1000,- K\u010d<\/p>\n<p>Potvrzen\u00ed pro sportovn\u00ed aktivity\u00a0\u00a0\u00a0\u00a0\u00a0\u00a0\u00a0\u00a0\u00a0\u00a0\u00a0\u00a0\u00a0\u00a0\u00a0\u00a0\u00a0\u00a0\u00a0\u00a0\u00a0\u00a0\u00a0\u00a0\u00a0\u00a0\u00a0\u00a0\u00a0\u00a0\u00a0\u00a0\u00a0\u00a0\u00a0\u00a0\u00a0\u00a0\u00a0\u00a0\u00a0\u00a0\u00a0\u00a0\u00a0\u00a0\u00a0\u00a0\u00a0\u00a0\u00a0\u00a0\u00a0\u00a0\u00a0\u00a0\u00a0\u00a0\u00a0\u00a0\u00a0 400,-K\u010d<\/p>\n<p>Potvrzen\u00ed o studiu na V\u0160, S\u0160 dokument\u016f\u00a0\u00a0\u00a0\u00a0\u00a0\u00a0\u00a0\u00a0\u00a0\u00a0\u00a0\u00a0\u00a0\u00a0\u00a0\u00a0\u00a0\u00a0\u00a0\u00a0\u00a0\u00a0\u00a0\u00a0\u00a0\u00a0\u00a0\u00a0\u00a0\u00a0\u00a0\u00a0\u00a0\u00a0\u00a0\u00a0\u00a0\u00a0\u00a0\u00a0\u00a0\u00a0\u00a0\u00a0\u00a0\u00a0\u00a0 100,- K\u010d<\/p>\n<p>Kop\u00edrov\u00e1n\u00ed 1 A4 strana\u00a0\u00a0\u00a0\u00a0\u00a0\u00a0\u00a0\u00a0\u00a0\u00a0\u00a0\u00a0\u00a0\u00a0\u00a0\u00a0\u00a0\u00a0\u00a0\u00a0\u00a0\u00a0\u00a0\u00a0\u00a0\u00a0\u00a0\u00a0\u00a0\u00a0\u00a0\u00a0\u00a0\u00a0\u00a0\u00a0\u00a0\u00a0\u00a0\u00a0\u00a0\u00a0\u00a0\u00a0\u00a0\u00a0\u00a0\u00a0\u00a0\u00a0\u00a0\u00a0\u00a0\u00a0\u00a0\u00a0\u00a0\u00a0\u00a0\u00a0\u00a0\u00a0\u00a0\u00a0\u00a0\u00a0\u00a0\u00a0\u00a0\u00a0\u00a0\u00a0\u00a0\u00a0\u00a0\u00a0\u00a0 10,- K\u010d<\/p>\n<p>CCC test mimo term\u00edn hrazen\u00fd poji\u0161\u0165ovnou\u00a0\u00a0\u00a0\u00a0\u00a0\u00a0\u00a0\u00a0\u00a0\u00a0\u00a0\u00a0\u00a0\u00a0\u00a0\u00a0\u00a0\u00a0\u00a0\u00a0\u00a0\u00a0\u00a0\u00a0\u00a0\u00a0\u00a0\u00a0\u00a0\u00a0\u00a0\u00a0\u00a0\u00a0\u00a0\u00a0\u00a0\u00a0\u00a0\u00a0\u00a0\u00a0\u00a0 500,- K\u010d<\/p>\n<p>Ztr\u00e1ta CCC testu (test na okultn\u00ed krv\u00e1cen\u00ed)\u00a0\u00a0\u00a0\u00a0\u00a0\u00a0\u00a0\u00a0\u00a0\u00a0\u00a0\u00a0\u00a0\u00a0\u00a0\u00a0\u00a0\u00a0\u00a0\u00a0\u00a0\u00a0\u00a0\u00a0\u00a0\u00a0\u00a0\u00a0\u00a0\u00a0\u00a0\u00a0\u00a0\u00a0\u00a0\u00a0\u00a0\u00a0\u00a0\u00a0\u00a0\u00a0\u00a0\u00a0 500,-K\u010d<\/p>\n<p>O\u010dkov\u00e1n\u00ed nehrazen\u00e9 ze st\u00e1tn\u00edho poji\u0161t\u011bn\u00ed\u00a0\u00a0\u00a0\u00a0\u00a0\u00a0\u00a0\u00a0\u00a0\u00a0\u00a0\u00a0\u00a0\u00a0\u00a0\u00a0\u00a0\u00a0\u00a0\u00a0\u00a0\u00a0\u00a0\u00a0\u00a0\u00a0\u00a0\u00a0\u00a0\u00a0\u00a0\u00a0\u00a0\u00a0\u00a0\u00a0\u00a0\u00a0\u00a0\u00a0\u00a0\u00a0\u00a0\u00a0 \u00a0 300,- K\u010d<\/p>\n<p>V\u00fdpis z dokumentace pro zam\u011bstnavatele\u00a0\u00a0\u00a0\u00a0\u00a0\u00a0\u00a0\u00a0\u00a0\u00a0\u00a0\u00a0\u00a0\u00a0\u00a0\u00a0\u00a0\u00a0\u00a0\u00a0\u00a0\u00a0\u00a0\u00a0\u00a0\u00a0\u00a0\u00a0\u00a0\u00a0\u00a0\u00a0\u00a0\u00a0\u00a0\u00a0\u00a0\u00a0\u00a0\u00a0\u00a0\u00a0\u00a0\u00a0\u00a0 500,- K\u010d<\/p>\n<p>Zm\u011bna pobytu v PN, vych\u00e1zek\u00a0\u00a0\u00a0\u00a0\u00a0\u00a0\u00a0\u00a0\u00a0\u00a0\u00a0\u00a0\u00a0\u00a0\u00a0\u00a0\u00a0\u00a0\u00a0\u00a0\u00a0\u00a0\u00a0\u00a0\u00a0\u00a0\u00a0\u00a0\u00a0\u00a0\u00a0\u00a0\u00a0\u00a0\u00a0\u00a0\u00a0\u00a0\u00a0\u00a0\u00a0\u00a0\u00a0\u00a0\u00a0\u00a0\u00a0\u00a0\u00a0\u00a0\u00a0\u00a0\u00a0\u00a0\u00a0\u00a0\u00a0\u00a0\u00a0\u00a0\u00a0\u00a0\u00a0\u00a0\u00a0 50,- K\u010d<\/p>\n<p>EKG nehrazen\u00e9 ze zdravotn\u00edho poji\u0161t\u011bn\u00ed \u00a0 \u00a0 \u00a0 \u00a0 \u00a0 \u00a0 \u00a0 \u00a0 \u00a0 \u00a0 \u00a0 \u00a0 \u00a0 \u00a0 \u00a0 \u00a0 \u00a0 \u00a0 \u00a0 \u00a0 \u00a0 \u00a0 \u00a0 \u00a0\u00a0 200,- K\u010d<\/p>\n<p>P\u0159edopera\u010dn\u00ed vy\u0161et\u0159en\u00ed nehrazen\u00e9 ze zdrav.poji\u0161t\u011bn\u00ed v\u010detn\u011b EKG,\u00a0\u00a0\u00a0\u00a0\u00a0\u00a0\u00a0\u00a0\u00a0\u00a0\u00a0\u00a0\u00a0\u00a0\u00a0\u00a0\u00a0\u00a0\u00a0\u00a0\u00a0\u00a0\u00a0\u00a0\u00a0\u00a0\u00a0\u00a0\u00a0\u00a0\u00a0\u00a0\u00a0\u00a0\u00a0\u00a0\u00a0\u00a0\u00a0\u00a0\u00a0\u00a0\u00a0\u00a0\u00a0\u00a0\u00a0\u00a0\u00a0\u00a0\u00a0 zhodnocen\u00ed lab.v\u00fdsledk\u016f a vyj\u00e1d\u0159en\u00ed k mo\u017enosti anestezie\u00a0\u00a0\u00a0\u00a0\u00a0\u00a0\u00a0\u00a0\u00a0\u00a0\u00a0\u00a0\u00a0\u00a0\u00a0\u00a0\u00a0\u00a0\u00a0\u00a0 1000,- K\u010d<\/p>\n<p>Smluvn\u00ed pokuta p\u0159i neomluven\u00e9 absenci na objednan\u00fd term\u00edn \u00a0 \u00a0 \u00a0 \u00a0 \u00a0 \u00a0 \u00a0 \u00a0 100,- K\u010d<\/p>\n<p>Duplik\u00e1ty tiskopis\u016f p\u0159i ztr\u00e1t\u011b, ev.propadnut\u00ed doby pou\u017eitelnosti\u00a0\u00a0\u00a0\u00a0\u00a0\u00a0\u00a0\u00a0\u00a0\u00a0\u00a0\u00a0\u00a0\u00a0\u00a0 50,- K\u010d<\/p>\n<p>V\u00fdpis z dokumentace pro komer\u010dn\u00ed poji\u0161\u0165ovny, \u00fa\u0159ady, banky,\u00a0\u00a0\u00a0\u00a0\u00a0\u00a0\u00a0\u00a0\u00a0\u00a0\u00a0\u00a0\u00a0\u00a0\u00a0\u00a0\u00a0\u00a0\u00a0\u00a0\u00a0\u00a0\u00a0\u00a0\u00a0\u00a0\u00a0\u00a0\u00a0\u00a0\u00a0\u00a0\u00a0\u00a0\u00a0\u00a0\u00a0\u00a0\u00a0\u00a0\u00a0\u00a0\u00a0\u00a0\u00a0\u00a0\u00a0\u00a0\u00a0\u00a0\u00a0\u00a0\u00a0\u00a0\u00a0\u00a0\u00a0\u00a0\u00a0\u00a0 posouzen\u00ed bolestn\u00e9ho dle rozsahu \u00a0 \u00a0 \u00a0 \u00a0 \u00a0 \u00a0 \u00a0 \u00a0 \u00a0 \u00a0 \u00a0 \u00a0 \u00a0 \u00a0 \u00a0 \u00a0 \u00a0 \u00a0 \u00a0 \u00a0 \u00a0 \u00a0 \u00a0 \u00a0\u00a0 400-1000,- K\u010d<\/p>\n<p>Vyj\u00e1d\u0159en\u00ed zp\u016fsobilosti pro \u00daP\u00a0\u00a0\u00a0\u00a0\u00a0\u00a0\u00a0\u00a0\u00a0\u00a0\u00a0\u00a0\u00a0\u00a0\u00a0\u00a0\u00a0\u00a0\u00a0\u00a0\u00a0\u00a0\u00a0\u00a0\u00a0\u00a0\u00a0\u00a0\u00a0\u00a0\u00a0\u00a0\u00a0\u00a0\u00a0\u00a0\u00a0\u00a0\u00a0\u00a0\u00a0\u00a0\u00a0\u00a0\u00a0\u00a0\u00a0\u00a0\u00a0\u00a0\u00a0\u00a0\u00a0\u00a0\u00a0\u00a0\u00a0\u00a0\u00a0\u00a0\u00a0\u00a0\u00a0\u00a0\u00a0\u00a0 100,- K\u010d<\/p>\n<p>Kopie kompletn\u00ed dokumentace\u00a0\u00a0\u00a0\u00a0\u00a0\u00a0\u00a0\u00a0\u00a0\u00a0\u00a0\u00a0\u00a0\u00a0\u00a0\u00a0\u00a0\u00a0\u00a0\u00a0\u00a0\u00a0\u00a0\u00a0\u00a0\u00a0\u00a0\u00a0\u00a0\u00a0\u00a0\u00a0\u00a0\u00a0\u00a0 1500,- K\u010d+ 10,-K\u010d za str\u00e1nku<\/p>\n<p>Potvrzen\u00ed pro dobrovoln\u00e9 hasi\u010de\u00a0\u00a0\u00a0\u00a0\u00a0\u00a0\u00a0\u00a0\u00a0\u00a0\u00a0\u00a0\u00a0\u00a0\u00a0\u00a0\u00a0\u00a0\u00a0\u00a0\u00a0\u00a0\u00a0\u00a0\u00a0\u00a0\u00a0\u00a0\u00a0\u00a0\u00a0\u00a0\u00a0\u00a0\u00a0\u00a0\u00a0\u00a0\u00a0\u00a0\u00a0\u00a0\u00a0\u00a0\u00a0\u00a0\u00a0\u00a0\u00a0\u00a0\u00a0\u00a0\u00a0\u00a0\u00a0\u00a0\u00a0\u00a0\u00a0\u00a0\u00a0\u00a0\u00a0\u00a0\u00a0 500K\u010d<\/p>\n<p>Cen\u00edk je platn\u00fd od 1.1.2025<\/p>\n<p>[\/et_pb_text][\/et_pb_column][\/et_pb_row][\/et_pb_section]<\/p>\n","protected":false},"excerpt":{"rendered":"<p>Cen\u00edk o\u0161et\u0159en\u00ed a slu\u017eeb nehrazen\u00fdch zdravotn\u00ed poji\u0161\u0165ovnouZdravotn\u00ed prohl\u00eddka n\u00e1stupn\u00ed, profesn\u00ed\u00a0\u00a0\u00a0\u00a0\u00a0\u00a0\u00a0\u00a0\u00a0\u00a0\u00a0\u00a0\u00a0\u00a0\u00a0\u00a0\u00a0\u00a0\u00a0\u00a0\u00a0\u00a0\u00a0\u00a0\u00a0\u00a0\u00a0\u00a0\u00a0\u00a0\u00a0\u00a0\u00a0\u00a0\u00a0\u00a0\u00a0\u00a0\u00a0\u00a0\u00a0\u00a0\u00a0\u00a0\u00a0\u00a0\u00a0 1000,- K\u010d Zdravotn\u00ed vy\u0161et\u0159en\u00ed na \u0159idi\u010dsk\u00fd pr\u016fkaz\u00a0\u00a0\u00a0\u00a0\u00a0\u00a0\u00a0\u00a0\u00a0\u00a0\u00a0\u00a0\u00a0\u00a0\u00a0\u00a0\u00a0\u00a0\u00a0\u00a0\u00a0\u00a0\u00a0\u00a0\u00a0\u00a0\u00a0\u00a0\u00a0\u00a0\u00a0\u00a0\u00a0\u00a0\u00a0\u00a0\u00a0\u00a0\u00a0\u00a0\u00a0\u00a0\u00a0\u00a0\u00a0\u00a0\u00a0 1000,- K\u010d Prodlou\u017een\u00ed \u0159idi\u010dsk\u00e9ho pr\u016fkazu\u00a0\u00a0\u00a0\u00a0\u00a0\u00a0\u00a0\u00a0\u00a0\u00a0\u00a0\u00a0\u00a0\u00a0\u00a0\u00a0\u00a0\u00a0\u00a0\u00a0\u00a0\u00a0\u00a0\u00a0\u00a0\u00a0\u00a0\u00a0\u00a0\u00a0\u00a0\u00a0\u00a0\u00a0\u00a0\u00a0\u00a0\u00a0\u00a0\u00a0\u00a0\u00a0\u00a0\u00a0\u00a0\u00a0\u00a0\u00a0\u00a0\u00a0\u00a0\u00a0\u00a0\u00a0\u00a0\u00a0\u00a0\u00a0\u00a0 700,- K\u010d Vystaven\u00ed zdravotn\u00edho pr\u016fkazu\u00a0\u00a0\u00a0\u00a0\u00a0\u00a0\u00a0\u00a0\u00a0\u00a0\u00a0\u00a0\u00a0\u00a0\u00a0\u00a0\u00a0\u00a0\u00a0\u00a0\u00a0\u00a0\u00a0\u00a0\u00a0\u00a0\u00a0\u00a0\u00a0\u00a0\u00a0\u00a0\u00a0\u00a0\u00a0\u00a0\u00a0\u00a0\u00a0\u00a0\u00a0\u00a0\u00a0\u00a0\u00a0\u00a0\u00a0\u00a0\u00a0\u00a0\u00a0\u00a0\u00a0\u00a0\u00a0\u00a0\u00a0\u00a0\u00a0\u00a0\u00a0 250,- K\u010d Vystaven\u00ed zbrojn\u00edho pr\u016fkazu\u00a0\u00a0\u00a0\u00a0\u00a0\u00a0\u00a0\u00a0\u00a0\u00a0\u00a0\u00a0\u00a0\u00a0\u00a0\u00a0\u00a0\u00a0\u00a0\u00a0\u00a0\u00a0\u00a0\u00a0\u00a0\u00a0\u00a0\u00a0\u00a0\u00a0\u00a0\u00a0\u00a0\u00a0\u00a0\u00a0\u00a0\u00a0\u00a0\u00a0\u00a0\u00a0\u00a0\u00a0\u00a0\u00a0\u00a0\u00a0\u00a0\u00a0\u00a0\u00a0\u00a0\u00a0\u00a0\u00a0\u00a0\u00a0\u00a0\u00a0\u00a0\u00a0\u00a0 1200,- K\u010d Zdravotn\u00ed prohl\u00eddka pro prodlou\u017een\u00ed zbrojn\u00edho pr\u016fkazu \u00a0\u00a0\u00a0\u00a0\u00a0\u00a0\u00a0\u00a0\u00a0\u00a0\u00a0\u00a0\u00a0\u00a0\u00a0\u00a0\u00a0\u00a0\u00a0\u00a0\u00a0\u00a0 1000,- K\u010d V\u00fdpis pro um\u00edst\u011bn\u00ed do DPS, DD\u00a0\u00a0\u00a0\u00a0\u00a0\u00a0\u00a0\u00a0\u00a0\u00a0\u00a0\u00a0\u00a0\u00a0\u00a0\u00a0\u00a0\u00a0\u00a0\u00a0\u00a0\u00a0\u00a0\u00a0\u00a0\u00a0\u00a0\u00a0\u00a0\u00a0\u00a0\u00a0\u00a0\u00a0\u00a0\u00a0\u00a0\u00a0\u00a0\u00a0\u00a0\u00a0\u00a0\u00a0\u00a0\u00a0\u00a0\u00a0\u00a0\u00a0\u00a0\u00a0\u00a0\u00a0\u00a0\u00a0\u00a0\u00a0\u00a0\u00a0\u00a0 250,- K\u010d V\u00fdpis bolestn\u00e9ho\u00a0\u00a0\u00a0\u00a0\u00a0\u00a0\u00a0\u00a0\u00a0\u00a0\u00a0\u00a0\u00a0\u00a0\u00a0\u00a0\u00a0\u00a0\u00a0\u00a0\u00a0\u00a0\u00a0\u00a0\u00a0\u00a0\u00a0\u00a0\u00a0\u00a0\u00a0\u00a0\u00a0\u00a0\u00a0\u00a0\u00a0\u00a0\u00a0\u00a0\u00a0\u00a0\u00a0\u00a0\u00a0\u00a0\u00a0\u00a0\u00a0\u00a0\u00a0\u00a0\u00a0\u00a0\u00a0\u00a0\u00a0\u00a0\u00a0\u00a0\u00a0\u00a0\u00a0\u00a0\u00a0\u00a0\u00a0\u00a0\u00a0\u00a0 400 \u2013 [&hellip;]<\/p>\n","protected":false},"author":1,"featured_media":107,"parent":0,"menu_order":0,"comment_status":"closed","ping_status":"closed","template":"","meta":{"_et_pb_use_builder":"on","_et_pb_old_content":"","_et_gb_content_width":"","footnotes":""},"class_list":["post-103","page","type-page","status-publish","has-post-thumbnail","hentry"],"yoast_head":"<!-- This site is optimized with the Yoast SEO plugin v27.4 - https:\/\/yoast.com\/product\/yoast-seo-wordpress\/ -->\n<title>Cen\u00edk - DCERMA<\/title>\n<meta name=\"description\" content=\"Cen\u00edk o\u0161et\u0159en\u00ed a slu\u017eeb nehrazen\u00fdch zdravotn\u00ed poji\u0161\u0165ovnou. MUDr. L. Grofov\u00e1 a MUDr. L. Bro\u017eov\u00e1 - praktick\u00e9 l\u00e9ka\u0159ky, ordinace Mlad\u00e1 Boleslav.\" \/>\n<meta name=\"robots\" content=\"index, follow, max-snippet:-1, max-image-preview:large, max-video-preview:-1\" \/>\n<link rel=\"canonical\" href=\"https:\/\/www.dcerma.cz\/?page_id=103\" \/>\n<meta property=\"og:locale\" content=\"cs_CZ\" \/>\n<meta property=\"og:type\" content=\"article\" \/>\n<meta property=\"og:title\" content=\"Cen\u00edk - DCERMA\" \/>\n<meta property=\"og:description\" content=\"Cen\u00edk o\u0161et\u0159en\u00ed a slu\u017eeb nehrazen\u00fdch zdravotn\u00ed poji\u0161\u0165ovnou. MUDr. L. Grofov\u00e1 a MUDr. L. Bro\u017eov\u00e1 - praktick\u00e9 l\u00e9ka\u0159ky, ordinace Mlad\u00e1 Boleslav.\" \/>\n<meta property=\"og:url\" content=\"https:\/\/www.dcerma.cz\/?page_id=103\" \/>\n<meta property=\"og:site_name\" content=\"DCERMA\" \/>\n<meta property=\"article:modified_time\" content=\"2025-01-26T18:05:20+00:00\" \/>\n<meta property=\"og:image\" content=\"https:\/\/www.dcerma.cz\/wp-content\/uploads\/2023\/04\/family-doctor-033.jpg\" \/>\n\t<meta property=\"og:image:width\" content=\"400\" \/>\n\t<meta property=\"og:image:height\" content=\"450\" \/>\n\t<meta property=\"og:image:type\" content=\"image\/jpeg\" \/>\n<meta name=\"twitter:card\" content=\"summary_large_image\" \/>\n<meta name=\"twitter:label1\" content=\"Odhadovan\u00e1 doba \u010dten\u00ed\" \/>\n\t<meta name=\"twitter:data1\" content=\"2 minuty\" \/>\n<script type=\"application\/ld+json\" class=\"yoast-schema-graph\">{\"@context\":\"https:\\\/\\\/schema.org\",\"@graph\":[{\"@type\":\"WebPage\",\"@id\":\"https:\\\/\\\/www.dcerma.cz\\\/?page_id=103\",\"url\":\"https:\\\/\\\/www.dcerma.cz\\\/?page_id=103\",\"name\":\"Cen\u00edk - DCERMA\",\"isPartOf\":{\"@id\":\"https:\\\/\\\/www.dcerma.cz\\\/#website\"},\"primaryImageOfPage\":{\"@id\":\"https:\\\/\\\/www.dcerma.cz\\\/?page_id=103#primaryimage\"},\"image\":{\"@id\":\"https:\\\/\\\/www.dcerma.cz\\\/?page_id=103#primaryimage\"},\"thumbnailUrl\":\"https:\\\/\\\/www.dcerma.cz\\\/wp-content\\\/uploads\\\/2023\\\/04\\\/family-doctor-033.jpg\",\"datePublished\":\"2023-04-24T11:15:43+00:00\",\"dateModified\":\"2025-01-26T18:05:20+00:00\",\"description\":\"Cen\u00edk o\u0161et\u0159en\u00ed a slu\u017eeb nehrazen\u00fdch zdravotn\u00ed poji\u0161\u0165ovnou. MUDr. L. Grofov\u00e1 a MUDr. L. Bro\u017eov\u00e1 - praktick\u00e9 l\u00e9ka\u0159ky, ordinace Mlad\u00e1 Boleslav.\",\"breadcrumb\":{\"@id\":\"https:\\\/\\\/www.dcerma.cz\\\/?page_id=103#breadcrumb\"},\"inLanguage\":\"cs\",\"potentialAction\":[{\"@type\":\"ReadAction\",\"target\":[\"https:\\\/\\\/www.dcerma.cz\\\/?page_id=103\"]}]},{\"@type\":\"ImageObject\",\"inLanguage\":\"cs\",\"@id\":\"https:\\\/\\\/www.dcerma.cz\\\/?page_id=103#primaryimage\",\"url\":\"https:\\\/\\\/www.dcerma.cz\\\/wp-content\\\/uploads\\\/2023\\\/04\\\/family-doctor-033.jpg\",\"contentUrl\":\"https:\\\/\\\/www.dcerma.cz\\\/wp-content\\\/uploads\\\/2023\\\/04\\\/family-doctor-033.jpg\",\"width\":400,\"height\":450},{\"@type\":\"BreadcrumbList\",\"@id\":\"https:\\\/\\\/www.dcerma.cz\\\/?page_id=103#breadcrumb\",\"itemListElement\":[{\"@type\":\"ListItem\",\"position\":1,\"name\":\"Dom\u016f\",\"item\":\"https:\\\/\\\/www.dcerma.cz\\\/\"},{\"@type\":\"ListItem\",\"position\":2,\"name\":\"Cen\u00edk\"}]},{\"@type\":\"WebSite\",\"@id\":\"https:\\\/\\\/www.dcerma.cz\\\/#website\",\"url\":\"https:\\\/\\\/www.dcerma.cz\\\/\",\"name\":\"DCERMA\",\"description\":\"Ordinace praktick\u00e9 l\u00e9ka\u0159ky MUDr. Ludmily Grofov\u00e9 a MUDr. Lindy Bro\u017eov\u00e9\",\"potentialAction\":[{\"@type\":\"SearchAction\",\"target\":{\"@type\":\"EntryPoint\",\"urlTemplate\":\"https:\\\/\\\/www.dcerma.cz\\\/?s={search_term_string}\"},\"query-input\":{\"@type\":\"PropertyValueSpecification\",\"valueRequired\":true,\"valueName\":\"search_term_string\"}}],\"inLanguage\":\"cs\"}]}<\/script>\n<!-- \/ Yoast SEO plugin. -->","yoast_head_json":{"title":"Cen\u00edk - DCERMA","description":"Cen\u00edk o\u0161et\u0159en\u00ed a slu\u017eeb nehrazen\u00fdch zdravotn\u00ed poji\u0161\u0165ovnou. MUDr. L. Grofov\u00e1 a MUDr. L. Bro\u017eov\u00e1 - praktick\u00e9 l\u00e9ka\u0159ky, ordinace Mlad\u00e1 Boleslav.","robots":{"index":"index","follow":"follow","max-snippet":"max-snippet:-1","max-image-preview":"max-image-preview:large","max-video-preview":"max-video-preview:-1"},"canonical":"https:\/\/www.dcerma.cz\/?page_id=103","og_locale":"cs_CZ","og_type":"article","og_title":"Cen\u00edk - DCERMA","og_description":"Cen\u00edk o\u0161et\u0159en\u00ed a slu\u017eeb nehrazen\u00fdch zdravotn\u00ed poji\u0161\u0165ovnou. MUDr. L. Grofov\u00e1 a MUDr. L. Bro\u017eov\u00e1 - praktick\u00e9 l\u00e9ka\u0159ky, ordinace Mlad\u00e1 Boleslav.","og_url":"https:\/\/www.dcerma.cz\/?page_id=103","og_site_name":"DCERMA","article_modified_time":"2025-01-26T18:05:20+00:00","og_image":[{"width":400,"height":450,"url":"https:\/\/www.dcerma.cz\/wp-content\/uploads\/2023\/04\/family-doctor-033.jpg","type":"image\/jpeg"}],"twitter_card":"summary_large_image","twitter_misc":{"Odhadovan\u00e1 doba \u010dten\u00ed":"2 minuty"},"schema":{"@context":"https:\/\/schema.org","@graph":[{"@type":"WebPage","@id":"https:\/\/www.dcerma.cz\/?page_id=103","url":"https:\/\/www.dcerma.cz\/?page_id=103","name":"Cen\u00edk - DCERMA","isPartOf":{"@id":"https:\/\/www.dcerma.cz\/#website"},"primaryImageOfPage":{"@id":"https:\/\/www.dcerma.cz\/?page_id=103#primaryimage"},"image":{"@id":"https:\/\/www.dcerma.cz\/?page_id=103#primaryimage"},"thumbnailUrl":"https:\/\/www.dcerma.cz\/wp-content\/uploads\/2023\/04\/family-doctor-033.jpg","datePublished":"2023-04-24T11:15:43+00:00","dateModified":"2025-01-26T18:05:20+00:00","description":"Cen\u00edk o\u0161et\u0159en\u00ed a slu\u017eeb nehrazen\u00fdch zdravotn\u00ed poji\u0161\u0165ovnou. MUDr. L. Grofov\u00e1 a MUDr. L. Bro\u017eov\u00e1 - praktick\u00e9 l\u00e9ka\u0159ky, ordinace Mlad\u00e1 Boleslav.","breadcrumb":{"@id":"https:\/\/www.dcerma.cz\/?page_id=103#breadcrumb"},"inLanguage":"cs","potentialAction":[{"@type":"ReadAction","target":["https:\/\/www.dcerma.cz\/?page_id=103"]}]},{"@type":"ImageObject","inLanguage":"cs","@id":"https:\/\/www.dcerma.cz\/?page_id=103#primaryimage","url":"https:\/\/www.dcerma.cz\/wp-content\/uploads\/2023\/04\/family-doctor-033.jpg","contentUrl":"https:\/\/www.dcerma.cz\/wp-content\/uploads\/2023\/04\/family-doctor-033.jpg","width":400,"height":450},{"@type":"BreadcrumbList","@id":"https:\/\/www.dcerma.cz\/?page_id=103#breadcrumb","itemListElement":[{"@type":"ListItem","position":1,"name":"Dom\u016f","item":"https:\/\/www.dcerma.cz\/"},{"@type":"ListItem","position":2,"name":"Cen\u00edk"}]},{"@type":"WebSite","@id":"https:\/\/www.dcerma.cz\/#website","url":"https:\/\/www.dcerma.cz\/","name":"DCERMA","description":"Ordinace praktick\u00e9 l\u00e9ka\u0159ky MUDr. Ludmily Grofov\u00e9 a MUDr. Lindy Bro\u017eov\u00e9","potentialAction":[{"@type":"SearchAction","target":{"@type":"EntryPoint","urlTemplate":"https:\/\/www.dcerma.cz\/?s={search_term_string}"},"query-input":{"@type":"PropertyValueSpecification","valueRequired":true,"valueName":"search_term_string"}}],"inLanguage":"cs"}]}},"_links":{"self":[{"href":"https:\/\/www.dcerma.cz\/index.php?rest_route=\/wp\/v2\/pages\/103","targetHints":{"allow":["GET"]}}],"collection":[{"href":"https:\/\/www.dcerma.cz\/index.php?rest_route=\/wp\/v2\/pages"}],"about":[{"href":"https:\/\/www.dcerma.cz\/index.php?rest_route=\/wp\/v2\/types\/page"}],"author":[{"embeddable":true,"href":"https:\/\/www.dcerma.cz\/index.php?rest_route=\/wp\/v2\/users\/1"}],"replies":[{"embeddable":true,"href":"https:\/\/www.dcerma.cz\/index.php?rest_route=%2Fwp%2Fv2%2Fcomments&post=103"}],"version-history":[{"count":15,"href":"https:\/\/www.dcerma.cz\/index.php?rest_route=\/wp\/v2\/pages\/103\/revisions"}],"predecessor-version":[{"id":204,"href":"https:\/\/www.dcerma.cz\/index.php?rest_route=\/wp\/v2\/pages\/103\/revisions\/204"}],"wp:featuredmedia":[{"embeddable":true,"href":"https:\/\/www.dcerma.cz\/index.php?rest_route=\/wp\/v2\/media\/107"}],"wp:attachment":[{"href":"https:\/\/www.dcerma.cz\/index.php?rest_route=%2Fwp%2Fv2%2Fmedia&parent=103"}],"curies":[{"name":"wp","href":"https:\/\/api.w.org\/{rel}","templated":true}]}}